
{"id":77377,"date":"2023-07-12T09:02:10","date_gmt":"2023-07-12T07:02:10","guid":{"rendered":"https:\/\/vegap.es\/international-area\/ambito-internacional-politica-de-privacidad-y-cookies\/"},"modified":"2023-07-12T09:10:40","modified_gmt":"2023-07-12T07:10:40","slug":"ambito-internacional-politica-de-privacidad-y-cookies","status":"publish","type":"page","link":"https:\/\/vegap.es\/en\/international-area\/ambito-internacional-politica-de-privacidad-y-cookies\/","title":{"rendered":"\u00c1mbito Internacional &#8211; Pol\u00edtica de privacidad y cookies"},"content":{"rendered":"<style>\/*! elementor - v3.13.3 - 28-05-2023 *\/<br \/>\n.elementor-heading-title{padding:0;margin:0;line-height:1}.elementor-widget-heading .elementor-heading-title[class*=elementor-size-]>a{color:inherit;font-size:inherit;line-height:inherit}.elementor-widget-heading .elementor-heading-title.elementor-size-small{font-size:15px}.elementor-widget-heading .elementor-heading-title.elementor-size-medium{font-size:19px}.elementor-widget-heading .elementor-heading-title.elementor-size-large{font-size:29px}.elementor-widget-heading .elementor-heading-title.elementor-size-xl{font-size:39px}.elementor-widget-heading .elementor-heading-title.elementor-size-xxl{font-size:59px}<\/style>\n<h1>Aviso Legal<\/h1>\n<h5><strong>Informaci\u00f3n de la entidad:<\/strong><\/h5>\n<p><strong>&nbsp;<\/strong><\/p>\n<ul>\n<li>Titular: Visual Entidad de Gesti\u00f3n de Artistas Pl\u00e1sticos (en adelante, VEGAP)<\/li>\n<li>CIF: G-79467353<\/li>\n<li>Domicilio: N\u00fa\u00f1ez de Balboa, 25, 28001 Madrid<\/li>\n<li>E-mail: <a href=\"mailto:infomad@vegap.es\">infomad@vegap.es<\/a><\/li>\n<li>Tel\u00e9fono: 91 532 66 32<\/li>\n<li>Fax: 91 531 53 98<\/li>\n<\/ul>\n<h5><strong>Informaci\u00f3n general:<\/strong><\/h5>\n<h6><strong>&nbsp;<\/strong><\/h6>\n<p>VEGAP es la entidad autorizada por el Ministerio de Cultura mediante Orden de 5 de junio de 1990 para gestionar colectivamente los derechos de propiedad intelectual de los creadores visuales y se encuentra inscrita en el Registro Nacional de Asociaciones del Ministerio del Interior bajo el n\u00ba 92.263.<\/p>\n<p>La presente P\u00e1gina Web facilita el acceso a diferente informaci\u00f3n dirigida tanto a los autores y titulares de derechos miembros de VEGAP como a cualquier otro destinatario que desee conocer los servicios y actividades que ofrece la entidad..<\/p>\n<h5><strong>Protecci\u00f3n de datos personales<\/strong><\/h5>\n<p><strong>&nbsp;<\/strong><\/p>\n<p>Los datos personales recabados a trav\u00e9s de la P\u00e1gina Web y los formularios incluidas en la misma, ser\u00e1n incorporados a un fichero de datos personales cuyo&nbsp;<strong>responsable<\/strong>&nbsp;es Visual Entidad de Gesti\u00f3n de Artistas Pl\u00e1sticos, VEGAP, con CIF n\u00ba G-79467353, y domicilio en la calle N\u00fa\u00f1ez de Balboa, 25, 28001 Madrid, as\u00ed como con n\u00famero de tel\u00e9fono 915326632 y direcci\u00f3n de correo electr\u00f3nico&nbsp;<a href=\"mailto:infomad@vegap.es\"><strong>infomad@vegap.es<\/strong><\/a>.<\/p>\n<p>Con el fin de facilitar el acceso a diferentes servicios o informaciones en algunos lugares de la p\u00e1gina web, podr\u00edan recabarse datos personales del usuario en diversos formularios, datos que podr\u00e1n incorporarse a un fichero de datos personales, cuyo Responsable es VEGAP.<\/p>\n<p>El usuario de la P\u00e1gina Web que facilite sus datos personales a VEGAP consiente expresamente su incorporaci\u00f3n al citado fichero y su el tratamiento por parte de VEGAP bien con la finalidad de realizar gestiones encaminadas a la tramitaci\u00f3n de la posible incorporaci\u00f3n del usuario como socio de la entidad conforme a lo establecido en sus Estatutos, bien con la finalidad de tramitar una licencia para la utilizaci\u00f3n de las obras de los autores del repertorio representado por la entidad, o bien para ofrecer informaci\u00f3n relativa a derechos de autor.<\/p>\n<p>Es obligatorio facilitar los datos personales a trav\u00e9s del formulario para el ejercicio de tales fines. En caso contrario, nos vemos imposibilitados para realizar las gestiones indicadas.<\/p>\n<p>Los usuarios ser\u00e1n responsables de la veracidad y actualizaci\u00f3n de los datos incorporados a los formularios que cumplimenten. VEGAP no se hace responsable de los da\u00f1os que pudieran ocasionarse por la falta de veracidad o inexactitud de los datos personales facilitados por el usuario.<\/p>\n<p>Los datos personales proporcionados se conservar\u00e1n durante todo el periodo de duraci\u00f3n de su relaci\u00f3n contractual o profesional con VEGAP, as\u00ed como durante los a\u00f1os necesarios para cumplir con las obligaciones legales.<\/p>\n<p>Estos datos no se ceder\u00e1n a terceros, salvo en los casos en que exista una obligaci\u00f3n legal.<\/p>\n<p>En cualquier caso, el tratamiento de los datos personales facilitados por el usuario se realizar\u00e1 con estricto cumplimiento de la normativa vigente y especialmente con la Ley Org\u00e1nica 3\/2018, de 5 de diciembre, de Protecci\u00f3n de Datos Personales y garant\u00eda de los derechos digitales. En especial, VEGAP se compromete a mantener las condiciones de confidencialidad y seguridad de los datos personales confiados por los usuarios en los t\u00e9rminos previstos en la legislaci\u00f3n vigente. No obstante, VEGAP no se hace responsable del acceso, modificaci\u00f3n, tratamiento, p\u00e9rdida o uso il\u00edcito que de los datos facilitados por los usuarios pueda efectuar un tercero.<\/p>\n<p>El usuario podr\u00e1 ejercitar los derechos de acceso, rectificaci\u00f3n, supresi\u00f3n, portabilidad y oposici\u00f3n previstos en los art\u00edculos 13 a 18 de la Ley Org\u00e1nica 3\/2018, de 5 de diciembre, de Protecci\u00f3n de Datos Personales y garant\u00eda de los derechos digitales presentando a VEGAP un escrito en la siguiente direcci\u00f3n: infomad@vegap.es, donde podr\u00e1 igualmente dejar sin efecto, sin car\u00e1cter retroactivo los consentimientos antes expresados.<\/p>\n<p>En caso de considerar vulnerado su derecho a la protecci\u00f3n de datos personales, podr\u00e1 interponer una reclamaci\u00f3n ante la Agencia Espa\u00f1ola de Protecci\u00f3n de Datos (www.agpd.es).<\/p>\n<p>La cumplimentaci\u00f3n y env\u00edo de este formulario a VEGAP a trav\u00e9s de la p\u00e1gina web confirma su consentimiento a los t\u00e9rminos y condiciones antes descritos.<\/p>\n<p>El dominio www.vegap.es es titularidad de VEGAP, con domicilio social en N\u00fa\u00f1ez de Balboa, 25 28001 Madrid, y con CIF G-79467353.<\/p>\n<p>La finalidad de este aviso legal es informar de las condiciones de acceso, navegaci\u00f3n y utilizaci\u00f3n de la P\u00e1gina Web, sin perjuicio de que VEGAP pueda efectuar la modificaci\u00f3n de los mismos, en cuyo caso, la navegaci\u00f3n tras la implementaci\u00f3n de los cambios, supondr\u00e1 la aceptaci\u00f3n de los mismo.<\/p>\n<p>El acceso a la P\u00e1gina Web confiere la condici\u00f3n de usuario, lo que implica el conocimiento y aceptaci\u00f3n \u00edntegra y sin reservas de las presentes condiciones generales y de las condiciones particulares que, en su caso, conlleve la utilizaci\u00f3n de determinados servicios de la P\u00e1gina Web.<\/p>\n<p>El usuario se compromete a realizar una correcta utilizaci\u00f3n de la P\u00e1gina Web y sus contenidos, de acuerdo con sus derechos y obligaciones, as\u00ed como las prohibiciones y responsabilidades establecidas por la ley que rigen a la hora de navegar por la P\u00e1gina Web titularidad de VEGAP. Por todo ello, el usuario se compromete a no causar ning\u00fan da\u00f1o encaminado a inhabilitar o desmejorar la P\u00e1gina Web o a evitar o limitar el acceso de otros usuarios, de acuerdo con el principio de la buena fe.<\/p>\n<h5><strong>Contacto<\/strong><\/h5>\n<p>VEGAP pone en conocimiento los diferentes medios de comunicaci\u00f3n, a trav\u00e9s de los cuales, como usuario, puede ponerse en contacto para remitirnos cualquier sugerencia, cuesti\u00f3n o cualesquiera que estime oportunas.<\/p>\n<ul>\n<li>Tel\u00e9fono: 91 532 66 32<\/li>\n<li>Correo Postal: N\u00fa\u00f1ez de Balboa, 25 28001 Madrid.<\/li>\n<li>Correo electr\u00f3nico: infomad@vegap.es<\/li>\n<\/ul>\n<h5><strong>Condiciones Generales de Uso de la p\u00e1gina<\/strong><\/h5>\n<p><strong>&nbsp;<\/strong><\/p>\n<p>Dentro de la expresi\u00f3n &#8220;p\u00e1gina web&#8221;, quedar\u00e1n comprendidos, con car\u00e1cter enunciativo, pero no limitativo, los textos, gr\u00e1ficos, im\u00e1genes, v\u00eddeos, sonidos, dibujos, fotograf\u00edas, etc. incluidos en la misma, y, en general, todas las creaciones expresadas por cualquier medio o soporte actualmente conocido o que se invente en el futuro, con independencia de que sean susceptibles o no de protecci\u00f3n por la Ley de Propiedad Intelectual o norma que en un futuro la sucediera.<\/p>\n<p>El acceso a la p\u00e1gina implica que el usuario de Internet (en adelante, el usuario) adquiere una serie de derechos y obligaciones, con objeto de garantizar el adecuado disfrute de los servicios y contenidos que se encuentran en la misma y que VEGAP pone a disposici\u00f3n gratuitamente del usuario.<\/p>\n<p>Adquiere la condici\u00f3n de usuario toda persona f\u00edsica o jur\u00eddica que accede a la p\u00e1gina, utilizando los servicios y contenidos que se albergan en la misma.<\/p>\n<p>El usuario es consciente de que el acceso y utilizaci\u00f3n de los servicios y contenidos de la p\u00e1gina se realiza bajo su \u00fanica y exclusiva responsabilidad.<\/p>\n<p>VEGAP pone en conocimiento del usuario las siguientes Condiciones Generales, que son aceptadas expresa y plenamente por el usuario, por el mero hecho de acceder a la p\u00e1gina, la visualizaci\u00f3n de los contenidos o utilizaci\u00f3n de los servicios contenidos en la misma; en las sucesivas versiones que se incluyan aqu\u00ed, debiendo el usuario acceder a las mismas cada vez que pretenda hacer uso de la p\u00e1gina y, al menos, de forma peri\u00f3dica.<\/p>\n<p>VEGAP podr\u00e1 establecer Condiciones Particulares para el uso de determinados contenidos y servicios, que ser\u00e1n conocidos y aceptados por el usuario con car\u00e1cter previo a la utilizaci\u00f3n de los mismos. Dichas condiciones particulares pueden sustituir en todo o en parte, completar y\/o modificar lo dispuesto en estas Condiciones Generales, entendi\u00e9ndose que el usuario acepta plenamente dichas Condiciones Particulares por el simple acceso y utilizaci\u00f3n de los contenidos o servicios regulados por dichas Condiciones Particulares. En caso de contradicci\u00f3n entre los t\u00e9rminos y condiciones manifestados en las Condiciones Generales y las Particulares, prevalecer\u00e1n siempre \u00e9stas \u00faltimas respecto de aquellos t\u00e9rminos incompatibles, y tan s\u00f3lo respecto de aquellos servicios y\/o contenidos sometidos a dicha regulaci\u00f3n espec\u00edfica. Se entender\u00e1 que el usuario acepta plenamente dichas Condiciones Particulares por el simple acceso y utilizaci\u00f3n de los contenidos o servicios regulados por dichas Condiciones Particulares.<\/p>\n<p>Si el usuario decide no aceptar las presentes Condiciones Generales, las Condiciones Particulares que en su caso resultaren de aplicaci\u00f3n o, las nuevas condiciones que sustituyan en un futuro a las presentes, deber\u00e1 abstenerse de acceder a la p\u00e1gina web.<\/p>\n<footer><\/footer>\n","protected":false},"excerpt":{"rendered":"<p>Aviso Legal Informaci\u00f3n de la entidad: &nbsp; Titular: Visual Entidad de Gesti\u00f3n de Artistas Pl\u00e1sticos (en adelante, VEGAP) CIF: G-79467353 Domicilio: N\u00fa\u00f1ez de Balboa, 25, 28001 Madrid E-mail: infomad@vegap.es Tel\u00e9fono: 91 532 66 32 Fax: 91 531 53 98 Informaci\u00f3n general: &nbsp; VEGAP es la entidad autorizada por el Ministerio de Cultura mediante Orden de&hellip; <a class=\"more-link\" href=\"https:\/\/vegap.es\/en\/international-area\/ambito-internacional-politica-de-privacidad-y-cookies\/\">Continue reading <span class=\"screen-reader-text\">\u00c1mbito Internacional &#8211; Pol\u00edtica de privacidad y cookies<\/span><\/a><\/p>\n","protected":false},"author":1,"featured_media":0,"parent":27537,"menu_order":0,"comment_status":"closed","ping_status":"closed","template":"elementor_header_footer","meta":{"_lmt_disableupdate":"","_lmt_disable":""},"_links":{"self":[{"href":"https:\/\/vegap.es\/en\/wp-json\/wp\/v2\/pages\/77377"}],"collection":[{"href":"https:\/\/vegap.es\/en\/wp-json\/wp\/v2\/pages"}],"about":[{"href":"https:\/\/vegap.es\/en\/wp-json\/wp\/v2\/types\/page"}],"author":[{"embeddable":true,"href":"https:\/\/vegap.es\/en\/wp-json\/wp\/v2\/users\/1"}],"replies":[{"embeddable":true,"href":"https:\/\/vegap.es\/en\/wp-json\/wp\/v2\/comments?post=77377"}],"version-history":[{"count":0,"href":"https:\/\/vegap.es\/en\/wp-json\/wp\/v2\/pages\/77377\/revisions"}],"up":[{"embeddable":true,"href":"https:\/\/vegap.es\/en\/wp-json\/wp\/v2\/pages\/27537"}],"wp:attachment":[{"href":"https:\/\/vegap.es\/en\/wp-json\/wp\/v2\/media?parent=77377"}],"curies":[{"name":"wp","href":"https:\/\/api.w.org\/{rel}","templated":true}]}}